{"id":328,"date":"2018-05-10T17:32:22","date_gmt":"2018-05-10T14:32:22","guid":{"rendered":"https:\/\/jfsi.ru\/?page_id=328"},"modified":"2023-03-28T16:53:20","modified_gmt":"2023-03-28T13:53:20","slug":"article-typography-rules","status":"publish","type":"page","link":"https:\/\/jfsi.ru\/en\/article-typography-rules\/","title":{"rendered":"RULES FOR FOREST SCIENCE ISSUE JOURNAL AUTHORS"},"content":{"rendered":"<p lang=\"ru-RU\" align=\"JUSTIFY\"><strong><span style=\"color: #000000;\"><span style=\"font-family: Times New Roman, serif;\"><span style=\"font-size: medium;\"><span lang=\"en-US\">ARTICLE DESIGN REQUIREMENTS<\/span><\/span><\/span><\/span><\/strong><\/p>\n<p lang=\"ru-RU\" align=\"JUSTIFY\"><span style=\"color: #000000;\"><span style=\"font-family: Times New Roman, serif;\"><span style=\"font-size: medium;\"><span lang=\"en-US\">Article text volume, including annotation, reference list and all additional materials should not exceed 30 Mb.<\/span><\/span><\/span><\/span><\/p>\n<p lang=\"en-US\" align=\"JUSTIFY\"><strong><span style=\"color: #000000;\"><span style=\"font-family: Times New Roman, serif;\"><span style=\"font-size: medium;\">Technical design:<\/span><\/span><\/span><\/strong><\/p>\n<p lang=\"ru-RU\" align=\"JUSTIFY\"><span style=\"color: #000000;\"><span style=\"font-family: Times New Roman, serif;\"><span style=\"font-size: medium;\"><strong><span lang=\"en-US\">Entire article text font<\/span><\/strong><span lang=\"en-US\"> \u2013 Times New Roman, size \u2013 12, <\/span><strong><span lang=\"en-US\">margins<\/span><\/strong><span lang=\"en-US\"> \u2013 2 cm on all sides, <\/span><strong><span lang=\"en-US\">indent<\/span><\/strong><span lang=\"en-US\"> \u2013 1.25\u00a0cm.<\/span><\/span><\/span><\/span><\/p>\n<p lang=\"ru-RU\" align=\"JUSTIFY\"><span style=\"color: #000000;\"><span style=\"font-family: Times New Roman, serif;\"><span style=\"font-size: medium;\"><strong><span lang=\"en-US\">Article title <\/span><\/strong><span lang=\"en-US\">is to be centered in the bold font and with the capital letters.<\/span><\/span><\/span><\/span><\/p>\n<p lang=\"ru-RU\" align=\"JUSTIFY\"><strong><span style=\"color: #000000;\"><span style=\"font-family: Times New Roman, serif;\"><span style=\"font-size: medium;\"><span lang=\"en-US\">Spacing:<\/span><\/span><\/span><\/span><\/strong><\/p>\n<p lang=\"ru-RU\" align=\"JUSTIFY\"><span style=\"color: #000000;\">\u2022 <span style=\"font-family: Times New Roman, serif;\"><span style=\"font-size: medium;\"><span lang=\"en-US\">the spacing is single in the annotation, keywords, figure text, notes, titles and the contents of tables;<\/span><\/span><\/span><\/span><\/p>\n<p lang=\"ru-RU\" align=\"JUSTIFY\"><span style=\"color: #000000;\">\u2022 <span style=\"font-family: Times New Roman, serif;\"><span style=\"font-size: medium;\"><span lang=\"en-US\">the spacing is one and a half in article titles, information about the authors, article body text, lists of reference materials.<\/span><\/span><\/span><\/span><\/p>\n<p lang=\"ru-RU\" align=\"JUSTIFY\"><span style=\"color: #000000;\"><span style=\"font-family: Times New Roman, serif;\"><span style=\"font-size: medium;\"><strong><span lang=\"en-US\">Author credentials <\/span><\/strong><span lang=\"en-US\">are to be presented in the following order: initials (without spacing in between) followed by a surname (in semi-bold type) and the name of the institution and postal address of a place of work on the next line in the following order: country, city code, city, street (to be typed in italics). A digital index should be affixed to each surname and corresponding institution in case of several authors. The name of institution should be indicated once, if all authors of the article work in the same institution. In case an author works in several places, each place of work is to be indicated by a separate digital index. The contact electronic mail address of the author responsible for the correspondence with the editors should be placed along with the date of receipt of the manuscript to the editor\u2019s office. All listed elements should be centered (<\/span><em><span lang=\"en-US\">See<\/span> <span lang=\"en-US\">Article Title Design Sample<\/span><\/em><span lang=\"en-US\">).<\/span><\/span><\/span><\/span><\/p>\n<p lang=\"ru-RU\" align=\"JUSTIFY\"><span style=\"color: #000000;\"><span style=\"font-family: Times New Roman, serif;\"><span style=\"font-size: medium;\"><strong><span lang=\"en-US\">Annotation<\/span><\/strong><span lang=\"en-US\"> should reflect the article content in brief. The structure of the annotation that repeats the structure of the article and includes the relevance, purpose, materials and methods, results, opinion (conclusions) is required for the original articles. The volume of text annotations is 100-300 words.<\/span><\/span><\/span><\/span><\/p>\n<p lang=\"ru-RU\" align=\"JUSTIFY\"><span style=\"color: #000000;\"><span style=\"font-family: Times New Roman, serif;\"><span style=\"font-size: medium;\"><strong><span lang=\"en-US\">Keywords:<\/span><\/strong><span lang=\"en-US\"> not more than 10 words or phrases to be typed in italics.<\/span><\/span><\/span><\/span><\/p>\n<p lang=\"en-US\" align=\"JUSTIFY\"><em><span style=\"color: #000000;\"><span style=\"font-family: Times New Roman, serif;\"><span style=\"font-size: medium;\">Article Title Design Sample <\/span><\/span><\/span><\/em><\/p>\n<p lang=\"en-US\" align=\"CENTER\"><strong><span style=\"color: #000000;\"><span style=\"font-family: Times New Roman, serif;\"><span style=\"font-size: medium;\">CARBON BUDGET IN DARK-CONDITIONAL FORESTS OF THE MIDDLE URALS<\/span><\/span><\/span><\/strong><\/p>\n<p lang=\"ru-RU\" align=\"CENTER\"><strong><span style=\"color: #000000;\"><span style=\"font-family: Times New Roman, serif;\"><span style=\"font-size: medium;\"><span lang=\"en-US\">A. S. Petrov<\/span><sup><span lang=\"en-US\">1<\/span><\/sup><span lang=\"en-US\">, D. V. Ignatov<\/span><sup><span lang=\"en-US\">2<\/span><\/sup><\/span><\/span><\/span><\/strong><\/p>\n<p lang=\"ru-RU\" align=\"CENTER\"><em><span style=\"color: #000000;\"><span style=\"font-family: Times New Roman, serif;\"><span style=\"font-size: medium;\"><sup><span lang=\"en-US\">1<\/span><\/sup><span lang=\"en-US\">Center for Forestry Ecology and Productivity of the RAS<\/span><\/span><\/span><\/span><\/em><\/p>\n<p lang=\"en-US\" align=\"CENTER\"><em><span style=\"color: #000000;\"><span style=\"font-family: Times New Roman, serif;\"><span style=\"font-size: medium;\">Profsoyuznaya st. 84\/32 bldg. 14, Moscow, 117997, Russia<\/span><\/span><\/span><\/em><\/p>\n<p lang=\"ru-RU\" align=\"CENTER\"><em><span style=\"color: #000000;\"><span style=\"font-family: Times New Roman, serif;\"><span style=\"font-size: medium;\"><sup><span lang=\"en-US\">2<\/span><\/sup><span lang=\"en-US\">Institute of Forest KarRC RAS<\/span><\/span><\/span><\/span><\/em><\/p>\n<p lang=\"en-US\" align=\"CENTER\"><em><span style=\"color: #000000;\"><span style=\"font-family: Times New Roman, serif;\"><span style=\"font-size: medium;\">Pushkinskaya st. 11, Petrozavodsk, Republic of Karelia, 185910, Russia<\/span><\/span><\/span><\/em><\/p>\n<p lang=\"en-US\" align=\"CENTER\"><span style=\"color: #000000;\"><span style=\"font-family: Times New Roman, serif;\"><span style=\"font-size: medium;\">E-mail: forest_as@gmail.com<\/span><\/span><\/span><\/p>\n<p lang=\"ru-RU\" align=\"CENTER\"><span style=\"color: #000000;\"><span style=\"font-family: Times New Roman, serif;\"><span style=\"font-size: medium;\"><span lang=\"en-US\">Received 01 August 2018<\/span><\/span><\/span><\/span><\/p>\n<p lang=\"en-US\" align=\"JUSTIFY\"><span style=\"color: #000000;\"><span style=\"font-family: Times New Roman, serif;\"><span style=\"font-size: medium;\">Text of annotation<\/span><\/span><\/span><\/p>\n<p lang=\"en-US\" align=\"JUSTIFY\"><span style=\"color: #000000;\"><span style=\"font-family: Times New Roman, serif;\"><span style=\"font-size: medium;\">Text of annotation<\/span><\/span><\/span><\/p>\n<p lang=\"en-US\" align=\"JUSTIFY\"><span style=\"color: #000000;\"><span style=\"font-family: Times New Roman, serif;\"><span style=\"font-size: medium;\">Text of annotation<\/span><\/span><\/span><\/p>\n<p lang=\"ru-RU\" align=\"JUSTIFY\"><span style=\"color: #000000;\"><span style=\"font-family: Times New Roman, serif;\"><span style=\"font-size: medium;\"><strong><span lang=\"en-US\">Keywords:<\/span><\/strong> <em><span lang=\"en-US\">Carbon, litter, dark coniferous forests, mineral matter, organic matter, taiga forests<\/span><\/em><\/span><\/span><\/span><\/p>\n<p lang=\"ru-RU\" align=\"JUSTIFY\"><span style=\"color: #000000;\"><span style=\"font-family: Times New Roman, serif;\"><span style=\"font-size: medium;\"><strong><span lang=\"en-US\">Article structure.<\/span><\/strong><span lang=\"en-US\"> The structure of the original articles should follow the format: introduction that reflects the state of the issue at the time of writing; goals and objectives of this study; materials and methods; results and their discussion; conclusion.<\/span><\/span><\/span><\/span><\/p>\n<p lang=\"ru-RU\" align=\"JUSTIFY\"><span style=\"color: #000000;\"><span style=\"font-family: Times New Roman, serif;\"><span style=\"font-size: medium;\"><span lang=\"en-US\">Section titles are provided: MATERIALS AND METHODS, RESULTS AND DISCUSSION, CONCLUSION, ACKNOWLEDGMENTS, LIST OF LITERATURE, REFERENCES (capital letters, center alignment, semi-bold font).<\/span><\/span><\/span><\/span><\/p>\n<p lang=\"en-US\" align=\"JUSTIFY\"><strong><span style=\"color: #000000;\"><span style=\"font-family: Times New Roman, serif;\"><span style=\"font-size: medium;\">Technical requirements:<\/span><\/span><\/span><\/strong><\/p>\n<p lang=\"ru-RU\" align=\"JUSTIFY\"><span style=\"color: #000000;\"><span style=\"font-family: Times New Roman, serif;\"><span style=\"font-size: medium;\"><strong><span lang=\"en-US\">Decimal separator<\/span><\/strong><span lang=\"en-US\"> is a <\/span><strong><span lang=\"en-US\">dot<\/span><\/strong><span lang=\"en-US\"> in the text as in tables, figures and other applications.<\/span> <\/span><\/span><\/span><\/p>\n<p lang=\"ru-RU\" align=\"JUSTIFY\"><span style=\"color: #000000;\"><span style=\"font-family: Times New Roman, serif;\"><span style=\"font-size: medium;\"><span lang=\"en-US\">If symbols such as \u00d7, <\/span>\u03bc<span lang=\"en-US\">, <\/span>\u03b7<span lang=\"en-US\">, or <\/span>\u03bd<span lang=\"en-US\"> are used, they should be added using the symbols menu of Word in Times New Roman font. Degree symbols (\u00b0) must be used from the symbol menu, not superscripted letter o or number 0. Multiplication symbols must be used (\u00d7), not the letter x. Spaces must be inserted between numbers and units (e.g., 3 kg) and between numbers and mathematical symbols (+, \u2013, \u00d7, =, <, >), but not between numbers and percent symbols (e.g., 45%). Please use SI units. All abbreviations and acronyms should be defined at first mention. Any Latin terms such as et al., in vitro, or in situ should not be italicized. <\/span><\/span><\/span><\/span><\/p>\n<p lang=\"ru-RU\"><span style=\"color: #000000;\"><span style=\"font-family: Times New Roman, serif;\"><span style=\"font-size: medium;\"><strong><span lang=\"en-US\">Latin names<\/span><\/strong><span lang=\"en-US\"> of genera and species are given <\/span><strong><em><span lang=\"en-US\">in italics<\/span><\/em><\/strong><span lang=\"en-US\">.<\/span><\/span><\/span><\/span><\/p>\n<p lang=\"ru-RU\" align=\"JUSTIFY\"><span style=\"color: #000000;\"><span style=\"font-family: Times New Roman, serif;\"><span style=\"font-size: medium;\"><span lang=\"en-US\"><strong>Citation<\/strong><strong>:<\/strong><\/span><span lang=\"en-US\"> surnames are indicated in parentheses in the text reference (Petrov, 1998). The listing of a number of authors, references are given by seniority (by years) and separated by a semicolon (Ivanov, 2010; Kuznetsov et al., 2016; Pizl et al., 2017). References to the works of one author of different years are separated by a comma (Kuznetsov, 1988, 1999, 2017). The works of one author of the same year are quoted with the use of letter characters (a, b, c, etc.) after a year (Markov, 1963a, 1963b, 1963c). In case of an e-link, the initial word (words) of the source name should be indicated with replacement of the remaining part of the name by ellipses and the indication of the year of the data entry or updating (Catalog &#8230;, 2006.).<\/span><\/span><\/span><\/span><\/p>\n<p lang=\"ru-RU\" align=\"JUSTIFY\"><span style=\"color: #000000;\"><span style=\"font-family: Times New Roman, serif;\"><span style=\"font-size: medium;\"><strong><span lang=\"en-US\">Illustrative materials<\/span><\/strong><span lang=\"en-US\"> are presented in .tif or .jpg formats (at least 300 dpi) for photos, figures. Both black and white and color drawings are accepted. The illustrations should be placed in the text and also attached as separate files.<\/span><\/span><\/span><\/span><\/p>\n<p lang=\"ru-RU\" align=\"JUSTIFY\"><span style=\"color: #000000;\"><span style=\"font-family: Times New Roman, serif;\"><span style=\"font-size: medium;\"><span lang=\"en-US\">All illustrations (photographs, charts, diagrams, graphs, etc.) in the text should be referred to as figures. All figures in the text should be provided with references (Fig. 1). The figures should be located immediately after the first mention in the text. The name should be provided directly below the figure with the dot not to be put after the name; centered. Notes to figures should be placed after the figure itself using the single spacing.<\/span><\/span><\/span><\/span><\/p>\n<p lang=\"ru-RU\"><em><span style=\"color: #000000;\"><span style=\"font-family: Times New Roman, serif;\"><span style=\"font-size: medium;\"><span lang=\"en-US\">Figure name and note sample:<\/span><\/span><\/span><\/span><\/em><\/p>\n<p lang=\"ru-RU\"><span style=\"color: #000000;\"><span style=\"font-family: Times New Roman, serif;\"><span style=\"font-size: medium;\"><span lang=\"en-US\"><strong>Figure 1<\/strong><strong>.<\/strong><\/span><span lang=\"en-US\"> Organic Matter Content in Main Soil Types <\/span><\/span><\/span><\/span><\/p>\n<p lang=\"ru-RU\"><span style=\"color: #000000;\"><span style=\"font-family: Times New Roman, serif;\"><span style=\"font-size: medium;\"><span lang=\"en-US\">Notes: *- 0.05 p-level variables.<\/span><\/span><\/span><\/span><\/p>\n<p lang=\"ru-RU\" align=\"JUSTIFY\"><span style=\"color: #000000;\"><span style=\"font-family: Times New Roman, serif;\"><span style=\"font-size: medium;\"><span lang=\"en-US\">The figure text is provided as a separate list at the end of the article and should contain an exhaustive comment to the figure. If the figure consists of several parts (for example, a, b, c), they should have a common title and separate explanatory notes for each part.<\/span><\/span><\/span><\/span><\/p>\n<p lang=\"ru-RU\" align=\"JUSTIFY\"><span style=\"color: #000000;\"><span style=\"font-family: Times New Roman, serif;\"><span style=\"font-size: medium;\"><strong><span lang=\"en-US\">Tables.<\/span><\/strong><span lang=\"en-US\"> The number and name of the table should be placed directly above the table in one line (the numbering is required upon the presence of several tables; the number is not indicated upon the presence of one table). No dotting after the name with the right alignment.<\/span><\/span><\/span><\/span><\/p>\n<p lang=\"ru-RU\"><em><span style=\"color: #000000;\"><span style=\"font-family: Times New Roman, serif;\"><span style=\"font-size: medium;\"><span lang=\"en-US\">Table naming sample:<\/span><\/span><\/span><\/span><\/em><\/p>\n<p lang=\"ru-RU\" align=\"RIGHT\"><span style=\"color: #000000;\"><span style=\"font-family: Times New Roman, serif;\"><span style=\"font-size: medium;\"><strong><span lang=\"en-US\">Table 1.<\/span><\/strong><span lang=\"en-US\"> Carbon content in soil horizons<\/span><\/span><\/span><\/span><\/p>\n<p align=\"JUSTIFY\"><span style=\"color: #000000;\"><span style=\"font-family: Times New Roman, serif;\"><span style=\"font-size: medium;\"><span lang=\"en-US\">The tables are placed both in the text and should be attached as separate files. References to the tables should be given in the text of the article (example: Tab. 1). Empty columns are not allowed. Conditional abbreviations and symbols should be explained in a note. The table notes should be placed after the table itself with the single spacing.<\/span><\/span><\/span><\/span><\/p>\n<p lang=\"en-US\" align=\"CENTER\"><strong><span style=\"color: #000000;\"><span style=\"font-family: Times New Roman, serif;\"><span style=\"font-size: medium;\">ACKNOWLEDGEMENT<\/span><\/span><\/span><\/strong><\/p>\n<p><span style=\"color: #000000;\"><span style=\"font-family: Times New Roman, serif;\"><span style=\"font-size: medium;\"><span lang=\"en-US\">The financial support information (fund name and project number) is given after the body of the article.<\/span><\/span><\/span><\/span><\/p>\n<p lang=\"en-US\" align=\"CENTER\"><span style=\"color: #000000;\"><span style=\"font-family: Times New Roman, serif;\"><span style=\"font-size: medium;\"><strong>REFERENCES<\/strong><\/span><\/span><\/span><\/p>\n<p><span style=\"color: #000000;\"><span style=\"font-family: Times New Roman, serif;\"><span style=\"font-size: medium;\"><span lang=\"en-US\">The authors are responsible for correctness of data given in the reference list.<\/span><\/span><\/span><\/span><\/p>\n<p align=\"JUSTIFY\"><span style=\"color: #000000;\"><span style=\"font-family: Times New Roman, serif;\"><span style=\"font-size: medium;\"><span lang=\"en-US\">The reference list is compiled in the alphabetical order and not numbered by the names of the first authors and the titles of their works.<\/span><\/span><\/span><\/span><\/p>\n<p><span style=\"color: #000000;\"><span style=\"font-family: Times New Roman, serif;\"><span style=\"font-size: medium;\"><span lang=\"en-US\"><strong>Journal articles:<\/strong><\/span><\/span><\/span><\/span><span style=\"color: #000000;\"><span style=\"font-family: Times New Roman, serif;\"><span style=\"font-size: medium;\"><span lang=\"en-US\"> Journal titles should not be abbreviated; the whole name of the journal should not be given.<\/span><\/span><\/span><\/span><\/p>\n<p lang=\"en-US\"><span style=\"color: #000000;\"><span style=\"font-family: Times New Roman, serif;\"><span style=\"font-size: medium;\"><strong>Article in English:<\/strong><\/span><\/span><\/span><\/p>\n<p><span style=\"color: #000000;\"><span style=\"font-family: Times New Roman, serif;\"><span style=\"font-size: medium;\"><span lang=\"en-US\"><em>Bankert R. L.<\/em><\/span><\/span><\/span><\/span><span style=\"color: #000000;\"><span style=\"font-family: Times New Roman, serif;\"><span style=\"font-size: medium;\"><span lang=\"en-US\"> Cloud classification of AVHRR imagery in maritime regions using a probabilistic neural network \/\/ American Meteorology Society. Journal of Applied Meteorology. 1994. Vol. 33. No. 8. P. 909<span style=\"color: #000000; font-family: 'times new roman', times, serif;\">\u2013<\/span>918.<\/span><\/span><\/span><\/span><\/p>\n<p lang=\"en-US\"><span style=\"color: #000000;\"><span style=\"font-family: Times New Roman, serif;\"><span style=\"font-size: medium;\">More than 5 authors:<\/span><\/span><\/span><\/p>\n<p><span style=\"color: #000000;\"><span style=\"font-family: Times New Roman, serif;\"><span style=\"font-size: medium;\"><span lang=\"en-US\"><em>Gunduz E., Sayg\u0131 Y., Y\u0131ld\u0131z Demirkalp F., Ca\u011flar S. S., Atasa\u011fun S.<\/em><\/span><\/span><\/span><\/span><span style=\"color: #000000;\"><span style=\"font-family: Times New Roman, serif;\"><span style=\"font-size: medium;\"><span lang=\"en-US\"> et al. Seasonal composition and population of Lake Karabo\u011faz from the K\u0131z\u0131l\u0131rmak Delta (Samsun, Turkey) \/\/ Turkish Journal of Zoology. 2013. Vol. 33. No. 5. P. 544<span style=\"color: #000000; font-family: 'times new roman', times, serif;\">\u2013<\/span>553.<\/span><\/span><\/span><\/span><\/p>\n<p lang=\"en-US\"><span style=\"color: #000000;\"><span style=\"font-family: Times New Roman, serif;\"><span style=\"font-size: medium;\"><strong>Article not in English:<\/strong><\/span><\/span><\/span><\/p>\n<p><span style=\"font-family: 'Times New Roman', serif; color: #000000;\"><span style=\"font-size: medium;\"><span lang=\"en-US\">In the case of publications in languages other than English, the published English title should be provided if one exists, with an annotation such as (In Russian). If the publication was not published with an English title, provide the original title only;<\/span><\/span><\/span><\/p>\n<p><span style=\"color: #000000;\"><span style=\"font-family: Times New Roman, serif;\"><span style=\"font-size: medium;\"><span lang=\"en-US\"><em>Astafurov V. G., Rasskazchikova T. M., Skorokhodov A. V.<\/em><\/span><\/span><\/span><\/span><span style=\"color: #000000;\"><span style=\"font-family: Times New Roman, serif;\"><span style=\"font-size: medium;\"><span lang=\"en-US\"> Interpretation of remote satellite remote sensing visual data \/\/ Izvestiya vuzov. Fizika. 2012. Vol. 55. No. 3. P. 77<span style=\"color: #000000; font-family: 'times new roman', times, serif;\">\u2013<\/span>83. (In Russian).<\/span><\/span><\/span><\/span><\/p>\n<p lang=\"en-US\"><span style=\"color: #000000;\"><span style=\"font-family: Times New Roman, serif;\"><span style=\"font-size: medium;\"><strong>Books and reports:<\/strong><\/span><\/span><\/span><\/p>\n<p><span style=\"color: #000000;\"><span style=\"font-family: Times New Roman, serif;\"><span style=\"font-size: medium;\"><span lang=\"en-US\">Vasil&#8217;ev A. V., Mel&#8217;nikova I. N. Experimental models and the Earth surface. Saint Petersburg: Izd-vo BGTU \u201cVoenmekh\u201d, 2010. 226 p.<\/span><\/span><\/span><\/span><\/p>\n<p lang=\"en-US\"><span style=\"color: #000000;\"><span style=\"font-family: Times New Roman, serif;\"><span style=\"font-size: medium;\"><strong>Chapters in books:<\/strong><\/span><\/span><\/span><\/p>\n<p><span style=\"color: #000000;\"><span style=\"font-family: Times New Roman, serif;\"><span style=\"font-size: medium;\"><span lang=\"en-US\">Stepanov O. A. Design peculiarities of the satellite navigation system \/ Integrated inertial satellite navigation system. D. S. Petrov\u00a0 (ed.) Saint Petersburg: Elektropribor, 2001. P. 25<span style=\"color: #000000; font-family: 'times new roman', times, serif;\">\u2013<\/span>43.<\/span><\/span><\/span><\/span><\/p>\n<p lang=\"en-US\"><span style=\"color: #000000;\"><span style=\"font-family: Times New Roman, serif;\"><span style=\"font-size: medium;\"><strong>Conference proceedings:<\/strong><\/span><\/span><\/span><\/p>\n<p><span style=\"color: #000000;\"><span style=\"font-family: Times New Roman, serif;\"><span style=\"font-size: medium;\"><span lang=\"en-US\">Armand N. A., Tishchenko Yu. G., Savorskii V. P., Smirnov M. T. On science program of space experiments of the MKA-FKI (PN1) project) \/\/ Fundamental Space Research. Recent Development in <\/span><\/span><\/span><span style=\"font-family: Times New Roman, serif;\"><span style=\"font-size: medium;\"><span lang=\"en-US\">Geoecolo<\/span><\/span><\/span><span style=\"font-family: Times New Roman, serif;\"><span style=\"font-size: medium;\"><span lang=\"en-US\">gy Monitoring of the Black Sea Area and their Prospects: Proc. Conf. 22-27 September 2008. Bulgaria, Sunny Beach, 2008. P. 31<span style=\"font-family: 'times new roman', times, serif;\">\u2013<\/span>34.<\/span><\/span><\/span><\/span><\/p>\n<p lang=\"en-US\"><span style=\"color: #000000;\"><span style=\"font-family: Times New Roman, serif;\"><span style=\"font-size: medium;\"><strong>Theses:<\/strong><\/span><\/span><\/span><\/p>\n<p><span style=\"color: #000000;\"><span style=\"font-family: Times New Roman, serif;\"><span style=\"font-size: medium;\"><span lang=\"en-US\">Novik S. N. Study of interaction of electromagnetic radiation with forest canopy. Candidate&#8217;s phys. and math: PhD. Tomsk: TGU, 2007. 197 p.<\/span><\/span><\/span><\/span><\/p>\n<p lang=\"en-US\"><span style=\"color: #000000;\"><span style=\"font-family: Times New Roman, serif;\"><span style=\"font-size: medium;\"><strong>Online resource:<\/strong><\/span><\/span><\/span><\/p>\n<p><span style=\"color: #000000;\"><span style=\"font-family: Times New Roman, serif;\"><span style=\"font-size: medium;\"><span lang=\"en-US\">Friman D. available at:<\/span><\/span><\/span><\/span><\/p>\n<p><span style=\"color: #0000ff;\"><u><span style=\"font-family: Times New Roman, serif;\"><span style=\"font-size: medium;\"><span lang=\"en-US\">http:\/\/avtonom.org\/old\/lib\/theory\/friman_tirrania.html?q=lib\/theory\/friman_tirrania.html<\/span><\/span><\/span><\/u><\/span><span style=\"color: #000000;\"><span style=\"font-family: Times New Roman, serif;\"><span style=\"font-size: medium;\"><span lang=\"en-US\">, (October 3, <\/span><\/span><\/span><\/span><span style=\"font-family: Times New Roman, serif;\"><span style=\"font-size: medium;\"><span lang=\"en-US\">2011<\/span><\/span><\/span><span style=\"color: #000000;\"><span style=\"font-family: Times New Roman, serif;\"><span style=\"font-size: medium;\"><span lang=\"en-US\">)<\/span><\/span><\/span><\/span><\/p>\n<p><span style=\"color: #000000;\"><span style=\"font-family: Times New Roman, serif;\"><span style=\"font-size: medium;\"><span lang=\"en-US\"><strong>Manuscript submission form:<\/strong><\/span><\/span><\/span><\/span><span style=\"color: #000000;\"><span style=\"font-family: Times New Roman, serif;\"><span style=\"font-size: medium;\"><span lang=\"en-US\"> Materials of articles should be presented only in the electronic form by filling in the fields at <\/span><\/span><\/span><\/span><span style=\"color: #0000ff;\"><u><a href=\"https:\/\/jfsi.ru\/\"><span style=\"font-family: Times New Roman, serif;\"><span style=\"font-size: medium;\"><span lang=\"en-US\">https:\/\/jfsi.ru<\/span><\/span><\/span><\/a><\/u><\/span><span style=\"color: #000000;\"><span style=\"font-family: Times New Roman, serif;\"><span style=\"font-size: medium;\"><span lang=\"en-US\"> journal website after logging in.<\/span><\/span><\/span><\/span><\/p>\n<p><span style=\"color: #000000;\"><span style=\"font-family: Times New Roman, serif;\"><span style=\"font-size: medium;\"><span lang=\"en-US\"><strong>Publication of articles is free.<\/strong><\/span><\/span><\/span><\/span><\/p>\n","protected":false},"excerpt":{"rendered":"<p>ARTICLE DESIGN REQUIREMENTS Article text volume, including annotation, reference list and all additional materials should not exceed 30 Mb. Technical design: Entire article text font \u2013 Times New Roman, size \u2013 12, margins \u2013&#46;&#46;&#46;<\/p>\n","protected":false},"author":4,"featured_media":0,"parent":0,"menu_order":0,"comment_status":"closed","ping_status":"closed","template":"","meta":[],"_links":{"self":[{"href":"https:\/\/jfsi.ru\/en\/wp-json\/wp\/v2\/pages\/328"}],"collection":[{"href":"https:\/\/jfsi.ru\/en\/wp-json\/wp\/v2\/pages"}],"about":[{"href":"https:\/\/jfsi.ru\/en\/wp-json\/wp\/v2\/types\/page"}],"author":[{"embeddable":true,"href":"https:\/\/jfsi.ru\/en\/wp-json\/wp\/v2\/users\/4"}],"replies":[{"embeddable":true,"href":"https:\/\/jfsi.ru\/en\/wp-json\/wp\/v2\/comments?post=328"}],"version-history":[{"count":51,"href":"https:\/\/jfsi.ru\/en\/wp-json\/wp\/v2\/pages\/328\/revisions"}],"predecessor-version":[{"id":7229,"href":"https:\/\/jfsi.ru\/en\/wp-json\/wp\/v2\/pages\/328\/revisions\/7229"}],"wp:attachment":[{"href":"https:\/\/jfsi.ru\/en\/wp-json\/wp\/v2\/media?parent=328"}],"curies":[{"name":"wp","href":"https:\/\/api.w.org\/{rel}","templated":true}]}}